{"id":61,"date":"2016-08-30T11:44:26","date_gmt":"2016-08-30T11:44:26","guid":{"rendered":"http:\/\/korfanty.edu.pl\/?page_id=61"},"modified":"2026-03-18T17:03:31","modified_gmt":"2026-03-18T17:03:31","slug":"kalendarz-roku-szkolnego","status":"publish","type":"page","link":"http:\/\/korfanty.edu.pl\/?page_id=61","title":{"rendered":"Kalendarz roku szkolnego"},"content":{"rendered":"<p style=\"text-align: center;\"><strong>KALENDARZ ROKU SZKOLNEGO 2025\/2026<\/strong><\/p>\n<p>&nbsp;<\/p>\n<table class=\" aligncenter\" style=\"width: 80%;\">\n<tbody>\n<tr style=\"height: 24px;\">\n<td style=\"width: 23.3119%; height: 24px;\">1.09.2025<\/td>\n<td style=\"width: 113.365%; height: 24px;\">rozpocz\u0119cie roku szkolnego, godz. 10.00 \/ 11.00<\/td>\n<\/tr>\n<tr style=\"height: 24px;\">\n<td style=\"width: 23.3119%; height: 24px;\"><strong>11.09.2025<\/strong><\/td>\n<td style=\"width: 113.365%; height: 24px;\"><strong>zebranie z rodzicami, godz. 17.00<\/strong><\/td>\n<\/tr>\n<tr style=\"height: 24px;\">\n<td style=\"width: 23.3119%; height: 24px;\">13-14.10.2025<\/td>\n<td style=\"width: 113.365%; height: 24px;\">Dzie\u0144 Edukacji Narodowej \u2013 dni wolne od zaj\u0119\u0107 dydaktycznych<\/td>\n<\/tr>\n<tr style=\"height: 24px;\">\n<td style=\"width: 23.3119%; height: 24px;\">10.11.2025<\/td>\n<td style=\"width: 113.365%; height: 24px;\">Dzie\u0144 wolny od zaj\u0119\u0107 dydaktycznych<\/td>\n<\/tr>\n<tr style=\"height: 24px;\">\n<td style=\"width: 23.3119%; height: 24px;\"><strong>18.12.2025<\/strong><\/td>\n<td style=\"width: 113.365%; height: 24px;\"><strong>spotkanie op\u0142atkowe po\u0142\u0105czone z zebraniem rodzic\u00f3w, godz. 17.00<\/strong><\/td>\n<\/tr>\n<tr style=\"height: 24px;\">\n<td style=\"width: 23.3119%; height: 24px;\">22.12-1.01.2026<\/td>\n<td style=\"width: 113.365%; height: 24px;\">zimowa przerwa \u015bwi\u0105teczna<\/td>\n<\/tr>\n<tr style=\"height: 96px;\">\n<td style=\"width: 23.3119%; height: 96px;\">2.01.2026, 5.01.2026<\/td>\n<td style=\"width: 113.365%; height: 96px;\">dzie\u0144 wolny od zaj\u0119\u0107 dydaktycznych<\/p>\n<p>dzie\u0144 wolny od zaj\u0119\u0107 dydaktycznych<\/td>\n<\/tr>\n<tr style=\"height: 24px;\">\n<td style=\"width: 23.3119%; height: 24px;\">20.01.2026<\/td>\n<td style=\"width: 113.365%; height: 24px;\">konferencja klasyfikacyjna<\/td>\n<\/tr>\n<tr style=\"height: 24px;\">\n<td style=\"width: 23.3119%; height: 24px;\"><strong>22.01.2026<\/strong><\/td>\n<td style=\"width: 113.365%; height: 24px;\"><strong>zebranie z rodzicami, godz. 17.00<\/strong><\/td>\n<\/tr>\n<tr style=\"height: 24px;\">\n<td style=\"width: 23.3119%; height: 24px;\">16.02-1.03.2026<\/td>\n<td style=\"width: 113.365%; height: 24px;\">ferie zimowe<\/td>\n<\/tr>\n<tr style=\"height: 24px;\">\n<td style=\"width: 23.3119%; height: 24px;\"><strong>19.03.2026<\/strong><\/td>\n<td style=\"width: 113.365%; height: 24px;\"><strong>zebranie z rodzicami klasa IV i konsultacje dla pozosta\u0142ych klas, godz. 17.00<\/strong><\/td>\n<\/tr>\n<tr style=\"height: 24px;\">\n<td style=\"width: 23.3119%; height: 24px;\">1.04.2026<\/td>\n<td style=\"width: 113.365%; height: 24px;\">\u015bniadanie wielkanocne, godz. 12.00<\/td>\n<\/tr>\n<tr style=\"height: 24px;\">\n<td style=\"width: 23.3119%; height: 24px;\">2-7.04.2026<\/td>\n<td style=\"width: 113.365%; height: 24px;\">wiosenna przerwa \u015bwi\u0105teczna<\/td>\n<\/tr>\n<tr style=\"height: 24px;\">\n<td style=\"width: 23.3119%; height: 24px;\">17.04.2026<\/td>\n<td style=\"width: 113.365%; height: 24px;\">termin wystawia ocen klasie IV<\/td>\n<\/tr>\n<tr style=\"height: 24px;\">\n<td style=\"width: 23.3119%; height: 24px;\">21.04.2026<\/td>\n<td style=\"width: 113.365%; height: 24px;\">konferencja klasyfikacyjna klasy IV<\/td>\n<\/tr>\n<tr style=\"height: 24px;\">\n<td style=\"width: 23.3119%; height: 24px;\">24.04.2026<\/td>\n<td style=\"width: 113.365%; height: 24px;\">zako\u0144czenie roku klasy IV<\/td>\n<\/tr>\n<tr style=\"height: 24px;\">\n<td style=\"width: 23.3119%; height: 24px;\">4.05.2026<\/td>\n<td style=\"width: 113.365%; height: 24px;\">matura j\u0119zyk polski \u2013 dzie\u0144 wolny od zaj\u0119\u0107 dydaktycznych<\/td>\n<\/tr>\n<tr style=\"height: 24px;\">\n<td style=\"width: 23.3119%; height: 24px;\">5.05.2026<\/td>\n<td style=\"width: 113.365%; height: 24px;\">matura matematyka \u2013 dzie\u0144 wolny od zaj\u0119\u0107 dydaktycznych<\/td>\n<\/tr>\n<tr style=\"height: 24px;\">\n<td style=\"width: 23.3119%; height: 24px;\">6.05.2026<\/td>\n<td style=\"width: 113.365%; height: 24px;\">matura j\u0119zyk angielski \u2013 dzie\u0144 wolny od zaj\u0119\u0107 dydaktycznych dla LO (SP \u2013 zaj\u0119cia poza terenem szko\u0142y)<\/td>\n<\/tr>\n<tr style=\"height: 24px;\">\n<td style=\"width: 23.3119%; height: 24px;\">7.05.2026<\/td>\n<td style=\"width: 113.365%; height: 24px;\">matura j\u0119zyk angielski rozszerzony &#8211; dzie\u0144 wolny od zaj\u0119\u0107 dydaktycznych dla LO (SP \u2013 zaj\u0119cia poza terenem szko\u0142y)<\/td>\n<\/tr>\n<tr style=\"height: 24px;\">\n<td style=\"width: 23.3119%; height: 24px;\"><strong>21.05.2026<\/strong><\/td>\n<td style=\"width: 113.365%; height: 24px;\"><strong>zebranie z rodzicami, godz. 17.00<\/strong><\/td>\n<\/tr>\n<tr style=\"height: 24px;\">\n<td style=\"width: 23.3119%; height: 24px;\">4.06.2026<\/td>\n<td style=\"width: 113.365%; height: 24px;\">Bo\u017ce Cia\u0142o \u2013 ustawowo dzie\u0144 wolny<\/td>\n<\/tr>\n<tr style=\"height: 24px;\">\n<td style=\"width: 23.3119%; height: 24px;\">5.06.2026<\/td>\n<td style=\"width: 113.365%; height: 24px;\">dzie\u0144 wolny od zaj\u0119\u0107 dydaktycznych<\/td>\n<\/tr>\n<tr style=\"height: 24px;\">\n<td style=\"width: 23.3119%; height: 24px;\">23.06.2026<\/td>\n<td style=\"width: 113.365%; height: 24px;\">konferencja klasyfikacyjna<\/td>\n<\/tr>\n<tr style=\"height: 24px;\">\n<td style=\"width: 23.3119%; height: 24px;\">26.06.2026<\/td>\n<td style=\"width: 113.365%; height: 24px;\">zako\u0144czenie roku szkolnego<\/td>\n<\/tr>\n<\/tbody>\n<\/table>\n","protected":false},"excerpt":{"rendered":"<p>KALENDARZ ROKU SZKOLNEGO 2025\/2026 &nbsp; 1.09.2025 rozpocz\u0119cie roku szkolnego, godz. 10.00 \/ 11.00 11.09.2025 zebranie z rodzicami, godz. 17.00 13-14.10.2025 Dzie\u0144 Edukacji Narodowej \u2013 dni wolne od zaj\u0119\u0107 dydaktycznych 10.11.2025 Dzie\u0144 wolny od zaj\u0119\u0107 dydaktycznych 18.12.2025 spotkanie op\u0142atkowe po\u0142\u0105czone z zebraniem rodzic\u00f3w, godz. 17.00 22.12-1.01.2026 zimowa przerwa \u015bwi\u0105teczna 2.01.2026, 5.01.2026 dzie\u0144 wolny od zaj\u0119\u0107 dydaktycznych [&hellip;]<\/p>\n","protected":false},"author":1,"featured_media":0,"parent":0,"menu_order":0,"comment_status":"closed","ping_status":"closed","template":"","meta":{"footnotes":""},"class_list":["post-61","page","type-page","status-publish","hentry"],"blocksy_meta":[],"_links":{"self":[{"href":"http:\/\/korfanty.edu.pl\/index.php?rest_route=\/wp\/v2\/pages\/61","targetHints":{"allow":["GET"]}}],"collection":[{"href":"http:\/\/korfanty.edu.pl\/index.php?rest_route=\/wp\/v2\/pages"}],"about":[{"href":"http:\/\/korfanty.edu.pl\/index.php?rest_route=\/wp\/v2\/types\/page"}],"author":[{"embeddable":true,"href":"http:\/\/korfanty.edu.pl\/index.php?rest_route=\/wp\/v2\/users\/1"}],"replies":[{"embeddable":true,"href":"http:\/\/korfanty.edu.pl\/index.php?rest_route=%2Fwp%2Fv2%2Fcomments&post=61"}],"version-history":[{"count":27,"href":"http:\/\/korfanty.edu.pl\/index.php?rest_route=\/wp\/v2\/pages\/61\/revisions"}],"predecessor-version":[{"id":1807,"href":"http:\/\/korfanty.edu.pl\/index.php?rest_route=\/wp\/v2\/pages\/61\/revisions\/1807"}],"wp:attachment":[{"href":"http:\/\/korfanty.edu.pl\/index.php?rest_route=%2Fwp%2Fv2%2Fmedia&parent=61"}],"curies":[{"name":"wp","href":"https:\/\/api.w.org\/{rel}","templated":true}]}}