{"id":1695,"date":"2024-07-09T11:34:46","date_gmt":"2024-07-09T11:34:46","guid":{"rendered":"http:\/\/korfanty.edu.pl\/?page_id=1695"},"modified":"2025-07-08T09:09:46","modified_gmt":"2025-07-08T09:09:46","slug":"egzaminy-maturalne","status":"publish","type":"page","link":"http:\/\/korfanty.edu.pl\/?page_id=1695","title":{"rendered":"Egzaminy maturalne"},"content":{"rendered":"<p>&nbsp;<\/p>\n<table style=\"text-align: center; width: 100%; height: 360px;\" border=\"1\" cellspacing=\"0\" cellpadding=\"0\">\n<tbody>\n<tr style=\"height: 24px;\">\n<td style=\"width: 99.5757%; height: 24px;\" colspan=\"4\" width=\"623\"><strong>J\u0119zyk polski<\/strong><\/td>\n<\/tr>\n<tr style=\"height: 24px;\">\n<td style=\"width: 24.8939%; height: 24px;\" width=\"156\">Rok<\/td>\n<td style=\"width: 24.8939%; height: 24px;\" width=\"156\"><strong>\u015arednia klasy<\/strong><\/td>\n<td style=\"width: 24.8939%; height: 24px;\" width=\"156\">\u015arednia krajowa<\/td>\n<td style=\"width: 24.8939%; height: 24px;\" width=\"156\">Miejsce w Katowicach<\/td>\n<\/tr>\n<tr>\n<td style=\"width: 24.8939%;\">2025<\/td>\n<td style=\"width: 24.8939%;\"><strong>72%<\/strong><\/td>\n<td style=\"width: 24.8939%;\">59%<\/td>\n<td style=\"width: 24.8939%;\"><\/td>\n<\/tr>\n<tr style=\"height: 24px;\">\n<td style=\"width: 24.8939%; height: 24px;\">2024<\/td>\n<td style=\"width: 24.8939%; height: 24px;\"><strong>62%<\/strong><\/td>\n<td style=\"width: 24.8939%; height: 24px;\">61%<\/td>\n<td style=\"width: 24.8939%; height: 24px;\"><\/td>\n<\/tr>\n<tr style=\"height: 24px;\">\n<td style=\"width: 24.8939%; height: 24px;\" width=\"156\">2023<\/td>\n<td style=\"width: 24.8939%; height: 24px;\" width=\"156\"><strong>70%<\/strong><\/td>\n<td style=\"width: 24.8939%; height: 24px;\" width=\"156\">66%<\/td>\n<td style=\"width: 24.8939%; height: 24px;\" width=\"156\">11<\/td>\n<\/tr>\n<tr style=\"height: 24px;\">\n<td style=\"width: 24.8939%; height: 24px;\" width=\"156\">2022<\/td>\n<td style=\"width: 24.8939%; height: 24px;\" width=\"156\"><strong>64%<\/strong><\/td>\n<td style=\"width: 24.8939%; height: 24px;\" width=\"156\">54%<\/td>\n<td style=\"width: 24.8939%; height: 24px;\" width=\"156\"><\/td>\n<\/tr>\n<tr style=\"height: 24px;\">\n<td style=\"width: 24.8939%; height: 24px;\" width=\"156\">2019<\/td>\n<td style=\"width: 24.8939%; height: 24px;\" width=\"156\"><strong>56%<\/strong><\/td>\n<td style=\"width: 24.8939%; height: 24px;\" width=\"156\">52%<\/td>\n<td style=\"width: 24.8939%; height: 24px;\" width=\"156\"><\/td>\n<\/tr>\n<tr style=\"height: 24px;\">\n<td style=\"width: 24.8939%; height: 24px;\">2017<\/td>\n<td style=\"width: 24.8939%; height: 24px;\"><strong>64%<\/strong><\/td>\n<td style=\"width: 24.8939%; height: 24px;\">56%<\/td>\n<td style=\"width: 24.8939%; height: 24px;\"><strong>\u00a0<\/strong><\/td>\n<\/tr>\n<tr style=\"height: 24px;\">\n<td style=\"width: 24.8939%; height: 24px;\">2016<\/td>\n<td style=\"width: 24.8939%; height: 24px;\"><strong>66%<\/strong><\/td>\n<td style=\"width: 24.8939%; height: 24px;\">59%<\/td>\n<td style=\"width: 24.8939%; height: 24px;\"><strong>\u00a0<\/strong><\/td>\n<\/tr>\n<\/tbody>\n<\/table>\n<p>&nbsp;<\/p>\n<table style=\"text-align: center; width: 100%; height: 360px;\" border=\"1\" cellspacing=\"0\" cellpadding=\"0\">\n<tbody>\n<tr>\n<td colspan=\"4\" width=\"623\"><strong>Matematyka<\/strong><\/td>\n<\/tr>\n<tr>\n<td width=\"156\">Rok<\/td>\n<td width=\"156\"><strong>\u015arednia klasy<\/strong><\/td>\n<td width=\"156\">\u015arednia krajowa<\/td>\n<td width=\"156\">Miejsce w Katowicach<\/td>\n<\/tr>\n<tr>\n<td>2025<\/td>\n<td><strong>60%<\/strong><\/td>\n<td>61%<\/td>\n<td><\/td>\n<\/tr>\n<tr>\n<td>2024<\/td>\n<td><strong>75%<\/strong><\/td>\n<td>63%<\/td>\n<td><\/td>\n<\/tr>\n<tr>\n<td width=\"156\">2023<\/td>\n<td width=\"156\"><strong>79%<\/strong><\/td>\n<td width=\"156\">71%<\/td>\n<td width=\"156\">6<\/td>\n<\/tr>\n<tr>\n<td width=\"156\">2022<\/td>\n<td width=\"156\"><strong>55%<\/strong><\/td>\n<td width=\"156\">58%<\/td>\n<td width=\"156\"><\/td>\n<\/tr>\n<tr>\n<td width=\"156\">2021<\/td>\n<td width=\"156\"><strong>64%<\/strong><\/td>\n<td width=\"156\">29%<\/td>\n<td width=\"156\"><\/td>\n<\/tr>\n<tr>\n<td width=\"156\">2019<\/td>\n<td width=\"156\"><strong>60%<\/strong><\/td>\n<td width=\"156\">58%<\/td>\n<td width=\"156\"><\/td>\n<\/tr>\n<tr>\n<td>2017<\/td>\n<td><strong>93%<\/strong><\/td>\n<td>54%<\/td>\n<td><strong>1<\/strong><\/td>\n<\/tr>\n<tr>\n<td>2016<\/td>\n<td><strong>60%<\/strong><\/td>\n<td>56%<\/td>\n<td><\/td>\n<\/tr>\n<\/tbody>\n<\/table>\n<p>&nbsp;<\/p>\n<table style=\"text-align: center; width: 100%; height: 360px;\" border=\"1\" cellspacing=\"0\" cellpadding=\"0\">\n<tbody>\n<tr>\n<td colspan=\"4\" width=\"623\"><strong>J\u0119zyk angielski<\/strong><\/td>\n<\/tr>\n<tr>\n<td width=\"156\">Rok<\/td>\n<td width=\"156\"><strong>\u015arednia klasy<\/strong><\/td>\n<td width=\"156\">\u015arednia krajowa<\/td>\n<td width=\"156\">Miejsce w Katowicach<\/td>\n<\/tr>\n<tr>\n<td>2025<\/td>\n<td><strong>93%<\/strong><\/td>\n<td>78%<\/td>\n<td><\/td>\n<\/tr>\n<tr>\n<td>2024<\/td>\n<td><strong>87%<\/strong><\/td>\n<td>78%<\/td>\n<td><\/td>\n<\/tr>\n<tr>\n<td width=\"156\">2023<\/td>\n<td width=\"156\"><strong>99%<\/strong><\/td>\n<td width=\"156\">85%<\/td>\n<td width=\"156\">1<\/td>\n<\/tr>\n<tr>\n<td width=\"156\">2021<\/td>\n<td width=\"156\"><strong>80%<\/strong><\/td>\n<td width=\"156\">65%<\/td>\n<td width=\"156\"><\/td>\n<\/tr>\n<tr>\n<td width=\"156\">2019<\/td>\n<td width=\"156\"><strong>85%<\/strong><\/td>\n<td width=\"156\">72%<\/td>\n<td width=\"156\"><\/td>\n<\/tr>\n<tr>\n<td>2017<\/td>\n<td><strong>86%<\/strong><\/td>\n<td>71%<\/td>\n<td><strong>\u00a0<\/strong><\/td>\n<\/tr>\n<tr>\n<td>2016<\/td>\n<td><strong>76%<\/strong><\/td>\n<td>71%<\/td>\n<td><strong>\u00a0<\/strong><\/td>\n<\/tr>\n<\/tbody>\n<\/table>\n<p>&nbsp;<\/p>\n<table style=\"text-align: center; width: 100%; height: 360px;\" border=\"1\" cellspacing=\"0\" cellpadding=\"0\">\n<tbody>\n<tr style=\"height: 24px;\">\n<td style=\"width: 99.5943%; height: 24px;\" colspan=\"4\" width=\"623\"><strong>J\u0119zyk angielski (poziom rozszerzony)<\/strong><\/td>\n<\/tr>\n<tr style=\"height: 24px;\">\n<td style=\"width: 25.9635%; height: 24px;\" width=\"156\">Rok<\/td>\n<td style=\"width: 25.1521%; height: 24px;\" width=\"156\"><strong>\u015arednia klasy<\/strong><\/td>\n<td style=\"width: 24.3408%; height: 24px;\" width=\"156\">\u015arednia krajowa<\/td>\n<td style=\"width: 24.1379%; height: 24px;\" width=\"156\">Miejsce w Katowicach<\/td>\n<\/tr>\n<tr>\n<td style=\"width: 25.9635%;\">2025<\/td>\n<td style=\"width: 25.1521%;\"><strong>75%<\/strong><\/td>\n<td style=\"width: 24.3408%;\">64%<\/td>\n<td style=\"width: 24.1379%;\"><\/td>\n<\/tr>\n<tr style=\"height: 24px;\">\n<td style=\"width: 25.9635%; height: 24px;\">2024<\/td>\n<td style=\"width: 25.1521%; height: 24px;\"><strong>68%<\/strong><\/td>\n<td style=\"width: 24.3408%; height: 24px;\">62%<\/td>\n<td style=\"width: 24.1379%; height: 24px;\"><\/td>\n<\/tr>\n<tr style=\"height: 24px;\">\n<td style=\"width: 25.9635%; height: 24px;\" width=\"156\">2023<\/td>\n<td style=\"width: 25.1521%; height: 24px;\" width=\"156\"><strong>84%<\/strong><\/td>\n<td style=\"width: 24.3408%; height: 24px;\" width=\"156\">69%<\/td>\n<td style=\"width: 24.1379%; height: 24px;\" width=\"156\">4<\/td>\n<\/tr>\n<tr style=\"height: 24px;\">\n<td style=\"width: 25.9635%; height: 24px;\" width=\"156\">2021<\/td>\n<td style=\"width: 25.1521%; height: 24px;\" width=\"156\"><strong>80%<\/strong><\/td>\n<td style=\"width: 24.3408%; height: 24px;\" width=\"156\">65%<\/td>\n<td style=\"width: 24.1379%; height: 24px;\" width=\"156\"><\/td>\n<\/tr>\n<tr style=\"height: 24px;\">\n<td style=\"width: 25.9635%; height: 24px;\" width=\"156\">2019<\/td>\n<td style=\"width: 25.1521%; height: 24px;\" width=\"156\"><strong>84%<\/strong><\/td>\n<td style=\"width: 24.3408%; height: 24px;\" width=\"156\">56%<\/td>\n<td style=\"width: 24.1379%; height: 24px;\" width=\"156\"><\/td>\n<\/tr>\n<tr style=\"height: 24px;\">\n<td style=\"width: 25.9635%; height: 24px;\">2016<\/td>\n<td style=\"width: 25.1521%; height: 24px;\"><strong>70%\u00a0<\/strong><\/td>\n<td style=\"width: 24.3408%; height: 24px;\">55%<\/td>\n<td style=\"width: 24.1379%; height: 24px;\"><strong>\u00a0<\/strong><\/td>\n<\/tr>\n<\/tbody>\n<\/table>\n<p>&nbsp;<\/p>\n<table style=\"text-align: center; width: 100%; height: 360px;\" border=\"1\" cellspacing=\"0\" cellpadding=\"0\">\n<tbody>\n<tr>\n<td style=\"width: 582px;\" colspan=\"4\" width=\"623\"><strong>J\u0119zyk polski (poziom rozszerzony)<\/strong><\/td>\n<\/tr>\n<tr>\n<td style=\"width: 150px;\" width=\"156\">Rok<\/td>\n<td style=\"width: 145px;\" width=\"156\"><strong>\u015arednia klasy<\/strong><\/td>\n<td style=\"width: 145px;\" width=\"156\">\u015arednia krajowa<\/td>\n<td style=\"width: 142px;\" width=\"156\"><\/td>\n<\/tr>\n<tr>\n<td style=\"width: 150px;\">2025<\/td>\n<td style=\"width: 145px;\"><strong>80%<\/strong><\/td>\n<td style=\"width: 145px;\">46%<\/td>\n<td style=\"width: 142px;\"><\/td>\n<\/tr>\n<tr>\n<td style=\"width: 150px;\" width=\"156\">2022<\/td>\n<td style=\"width: 145px;\" width=\"156\"><strong>60%<\/strong><\/td>\n<td style=\"width: 145px;\" width=\"156\">55%<\/td>\n<td style=\"width: 142px;\" width=\"156\"><\/td>\n<\/tr>\n<tr>\n<td style=\"width: 150px;\" width=\"156\">2021<\/td>\n<td style=\"width: 145px;\" width=\"156\"><strong>65%<\/strong><\/td>\n<td style=\"width: 145px;\" width=\"156\">52%<\/td>\n<td style=\"width: 142px;\" width=\"156\"><\/td>\n<\/tr>\n<tr>\n<td style=\"width: 150px;\" width=\"156\">2019<\/td>\n<td style=\"width: 145px;\" width=\"156\"><strong>78%<\/strong><\/td>\n<td style=\"width: 145px;\" width=\"156\">55%<\/td>\n<td style=\"width: 142px;\" width=\"156\"><\/td>\n<\/tr>\n<\/tbody>\n<\/table>\n<p>&nbsp;<\/p>\n<table style=\"text-align: center; width: 100%; height: 310px;\" border=\"1\" cellspacing=\"0\" cellpadding=\"0\">\n<tbody>\n<tr style=\"height: 24px;\">\n<td style=\"width: 99.6575%; height: 24px;\" colspan=\"4\" width=\"623\"><strong>Biologia (poziom rozszerzony)<\/strong><\/td>\n<\/tr>\n<tr style=\"height: 24px;\">\n<td style=\"width: 25.5137%; height: 24px;\" width=\"156\">Rok<\/td>\n<td style=\"width: 25.1712%; height: 24px;\" width=\"156\"><strong>\u015arednia klasy<\/strong><\/td>\n<td style=\"width: 25%; height: 24px;\" width=\"156\">\u015arednia krajowa<\/td>\n<td style=\"width: 23.9726%; height: 24px;\" width=\"156\"><\/td>\n<\/tr>\n<tr>\n<td style=\"width: 25.5137%;\">2025<\/td>\n<td style=\"width: 25.1712%;\"><strong>55%<\/strong><\/td>\n<td style=\"width: 25%;\">46%<\/td>\n<td style=\"width: 23.9726%;\"><\/td>\n<\/tr>\n<tr style=\"height: 24px;\">\n<td style=\"width: 25.5137%; height: 24px;\">2024<\/td>\n<td style=\"width: 25.1712%; height: 24px;\"><strong>66%<\/strong><\/td>\n<td style=\"width: 25%; height: 24px;\">40%<\/td>\n<td style=\"width: 23.9726%; height: 24px;\"><\/td>\n<\/tr>\n<tr style=\"height: 48px;\">\n<td style=\"width: 25.5137%; height: 48px;\" width=\"156\">2023<\/td>\n<td style=\"width: 25.1712%; height: 48px;\" width=\"156\"><strong>72%<\/strong><\/td>\n<td style=\"width: 25%; height: 48px;\" width=\"156\">48%<\/td>\n<td style=\"width: 23.9726%; height: 48px;\" width=\"156\"><\/td>\n<\/tr>\n<tr style=\"height: 24px;\">\n<td style=\"width: 25.5137%; height: 24px;\" width=\"156\">2019<\/td>\n<td style=\"width: 25.1712%; height: 24px;\" width=\"156\"><strong>44%<\/strong><\/td>\n<td style=\"width: 25%; height: 24px;\" width=\"156\">37%<\/td>\n<td style=\"width: 23.9726%; height: 24px;\" width=\"156\"><\/td>\n<\/tr>\n<\/tbody>\n<\/table>\n<p>&nbsp;<\/p>\n<table style=\"text-align: center; width: 100%; height: 360px;\" border=\"1\" cellspacing=\"0\" cellpadding=\"0\">\n<tbody>\n<tr style=\"height: 24px;\">\n<td style=\"width: 99.5943%; height: 24px;\" colspan=\"4\" width=\"623\"><strong>Historia (poziom rozszerzony)<\/strong><\/td>\n<\/tr>\n<tr style=\"height: 24px;\">\n<td style=\"width: 25.9635%; height: 24px;\" width=\"156\">Rok<\/td>\n<td style=\"width: 25.1521%; height: 24px;\" width=\"156\"><strong>\u015arednia klasy<\/strong><\/td>\n<td style=\"width: 24.3408%; height: 24px;\" width=\"156\">\u015arednia krajowa<\/td>\n<td style=\"width: 24.1379%; height: 24px;\" width=\"156\"><\/td>\n<\/tr>\n<tr style=\"height: 24px;\">\n<td style=\"width: 25.9635%; height: 24px;\" width=\"156\">2021<\/td>\n<td style=\"width: 25.1521%; height: 24px;\" width=\"156\"><strong>72%<\/strong><\/td>\n<td style=\"width: 24.3408%; height: 24px;\" width=\"156\">35%<\/td>\n<td style=\"width: 24.1379%; height: 24px;\" width=\"156\"><\/td>\n<\/tr>\n<tr style=\"height: 24px;\">\n<td style=\"width: 25.9635%; height: 24px;\">2016<\/td>\n<td style=\"width: 25.1521%; height: 24px;\"><strong>71%\u00a0<\/strong><\/td>\n<td style=\"width: 24.3408%; height: 24px;\">42%<\/td>\n<td style=\"width: 24.1379%; height: 24px;\"><strong>\u00a0<\/strong><\/td>\n<\/tr>\n<\/tbody>\n<\/table>\n<p>&nbsp;<\/p>\n<table style=\"text-align: center; width: 100%; height: 360px;\" border=\"1\" cellspacing=\"0\" cellpadding=\"0\">\n<tbody>\n<tr>\n<td colspan=\"4\" width=\"623\"><strong>WOS (poziom rozszerzony)<\/strong><\/td>\n<\/tr>\n<tr>\n<td width=\"156\">Rok<\/td>\n<td width=\"156\"><strong>\u015arednia klasy<\/strong><\/td>\n<td width=\"156\">\u015arednia krajowa<\/td>\n<td width=\"156\"><\/td>\n<\/tr>\n<tr>\n<td width=\"156\">2023<\/td>\n<td width=\"156\"><strong>63%<\/strong><\/td>\n<td width=\"156\">42%<\/td>\n<td width=\"156\"><\/td>\n<\/tr>\n<tr>\n<td width=\"156\">2021<\/td>\n<td width=\"156\"><strong>36%<\/strong><\/td>\n<td width=\"156\">27%<\/td>\n<td width=\"156\"><\/td>\n<\/tr>\n<tr>\n<td>2016<\/td>\n<td><strong>56%\u00a0<\/strong><\/td>\n<td>27%<\/td>\n<td><strong>\u00a0<\/strong><\/td>\n<\/tr>\n<\/tbody>\n<\/table>\n<p>&nbsp;<\/p>\n<table style=\"text-align: center; width: 100%; height: 360px;\" border=\"1\" cellspacing=\"0\" cellpadding=\"0\">\n<tbody>\n<tr>\n<td style=\"width: 632px;\" colspan=\"4\" width=\"623\"><strong>Matematyka (poziom rozszerzony)<\/strong><\/td>\n<\/tr>\n<tr>\n<td style=\"width: 158px;\" width=\"156\">Rok<\/td>\n<td style=\"width: 158px;\" width=\"156\"><strong>\u015arednia klasy<\/strong><\/td>\n<td style=\"width: 158px;\" width=\"156\">\u015arednia krajowa<\/td>\n<td style=\"width: 158px;\" width=\"156\">Miejsce w Katowicach<\/td>\n<\/tr>\n<tr>\n<td style=\"width: 158px;\" width=\"156\">2021<\/td>\n<td style=\"width: 158px;\" width=\"156\"><strong>64%<\/strong><\/td>\n<td style=\"width: 158px;\" width=\"156\">29%<\/td>\n<td style=\"width: 158px;\" width=\"156\"><\/td>\n<\/tr>\n<tr>\n<td style=\"width: 158px;\">\u00a02017<\/td>\n<td style=\"width: 158px;\"><strong>52%\u00a0<\/strong><\/td>\n<td style=\"width: 158px;\">37%<\/td>\n<td style=\"width: 158px;\"><strong>5<\/strong><\/td>\n<\/tr>\n<\/tbody>\n<\/table>\n<p>&nbsp;<\/p>\n<table style=\"text-align: center; width: 100%; height: 336px;\" border=\"1\" cellspacing=\"0\" cellpadding=\"0\">\n<tbody>\n<tr style=\"height: 24px;\">\n<td style=\"height: 24px;\" colspan=\"4\" width=\"623\"><strong>Fizyka (poziom rozszerzony)<\/strong><\/td>\n<\/tr>\n<tr style=\"height: 24px;\">\n<td style=\"height: 24px;\" width=\"156\">Rok<\/td>\n<td style=\"height: 24px;\" width=\"156\"><strong>\u015arednia klasy<\/strong><\/td>\n<td style=\"height: 24px;\" width=\"156\">\u015arednia krajowa<\/td>\n<td style=\"height: 24px;\" width=\"156\">Miejsce w Katowicach<\/td>\n<\/tr>\n<tr style=\"height: 24px;\">\n<td style=\"height: 24px;\" width=\"156\">2021<\/td>\n<td style=\"height: 24px;\" width=\"156\"><strong>43%<\/strong><\/td>\n<td style=\"height: 24px;\" width=\"156\">36%<\/td>\n<td style=\"height: 24px;\" width=\"156\"><\/td>\n<\/tr>\n<tr style=\"height: 48px;\">\n<td style=\"height: 48px;\">2017<\/td>\n<td style=\"height: 48px;\"><strong>\u00a042%<\/strong><\/td>\n<td style=\"height: 48px;\">40%<\/td>\n<td style=\"height: 48px;\"><strong>6<\/strong><\/td>\n<\/tr>\n<\/tbody>\n<\/table>\n<p>&nbsp;<\/p>\n<table style=\"text-align: center; width: 100%; height: 360px;\" border=\"1\" cellspacing=\"0\" cellpadding=\"0\">\n<tbody>\n<tr style=\"height: 24px;\">\n<td style=\"height: 24px;\" colspan=\"4\" width=\"623\"><strong>Historia sztuki (poziom rozszerzony)<\/strong><\/td>\n<\/tr>\n<tr style=\"height: 24px;\">\n<td style=\"height: 24px;\" width=\"156\">Rok<\/td>\n<td style=\"height: 24px;\" width=\"156\"><strong>\u015arednia klasy<\/strong><\/td>\n<td style=\"height: 24px;\" width=\"156\">\u015arednia krajowa<\/td>\n<td style=\"height: 24px;\" width=\"156\"><\/td>\n<\/tr>\n<tr style=\"height: 72px;\">\n<td style=\"height: 72px;\" width=\"156\">2019<\/td>\n<td style=\"height: 72px;\" width=\"156\"><strong>90%<\/strong><\/td>\n<td style=\"height: 72px;\" width=\"156\">59%<\/td>\n<td style=\"height: 72px;\" width=\"156\"><strong>19<\/strong> miejsce na 1198 szk\u00f3\u0142 na \u015al\u0105sku.<\/td>\n<\/tr>\n<tr style=\"height: 24px;\">\n<td style=\"height: 24px;\">2017<\/td>\n<td style=\"height: 24px;\"><strong>77%\u00a0<\/strong><\/td>\n<td style=\"height: 24px;\">44%<\/td>\n<td style=\"height: 24px;\"><strong>2<\/strong> miejsce na 11 szk\u00f3\u0142 w Katowicach, <strong>5<\/strong> miejsce na \u015al\u0105sku<\/td>\n<\/tr>\n<\/tbody>\n<\/table>\n<p>&nbsp;<\/p>\n<table style=\"text-align: center; width: 100%; height: 310px;\" border=\"1\" cellspacing=\"0\" cellpadding=\"0\">\n<tbody>\n<tr style=\"height: 24px;\">\n<td style=\"width: 99.6575%; height: 24px;\" colspan=\"4\" width=\"623\"><strong>Informatyka (poziom rozszerzony)<\/strong><\/td>\n<\/tr>\n<tr style=\"height: 24px;\">\n<td style=\"width: 25.5137%; height: 24px;\" width=\"156\">Rok<\/td>\n<td style=\"width: 25.1712%; height: 24px;\" width=\"156\"><strong>\u015arednia klasy<\/strong><\/td>\n<td style=\"width: 25%; height: 24px;\" width=\"156\">\u015arednia krajowa<\/td>\n<td style=\"width: 23.9726%; height: 24px;\" width=\"156\"><\/td>\n<\/tr>\n<tr style=\"height: 24px;\">\n<td style=\"width: 25.5137%; height: 24px;\" width=\"156\">2019<\/td>\n<td style=\"width: 25.1712%; height: 24px;\" width=\"156\"><strong>44%<\/strong><\/td>\n<td style=\"width: 25%; height: 24px;\" width=\"156\">37%<\/td>\n<td style=\"width: 23.9726%; height: 24px;\" width=\"156\"><\/td>\n<\/tr>\n<\/tbody>\n<\/table>\n<p>&nbsp;<\/p>\n","protected":false},"excerpt":{"rendered":"<p>&nbsp; J\u0119zyk polski Rok \u015arednia klasy \u015arednia krajowa Miejsce w Katowicach 2025 72% 59% 2024 62% 61% 2023 70% 66% 11 2022 64% 54% 2019 56% 52% 2017 64% 56% \u00a0 2016 66% 59% \u00a0 &nbsp; Matematyka Rok \u015arednia klasy \u015arednia krajowa Miejsce w Katowicach 2025 60% 61% 2024 75% 63% 2023 79% 71% 6 [&hellip;]<\/p>\n","protected":false},"author":1,"featured_media":0,"parent":0,"menu_order":0,"comment_status":"closed","ping_status":"closed","template":"","meta":{"footnotes":""},"class_list":["post-1695","page","type-page","status-publish","hentry"],"blocksy_meta":[],"_links":{"self":[{"href":"http:\/\/korfanty.edu.pl\/index.php?rest_route=\/wp\/v2\/pages\/1695","targetHints":{"allow":["GET"]}}],"collection":[{"href":"http:\/\/korfanty.edu.pl\/index.php?rest_route=\/wp\/v2\/pages"}],"about":[{"href":"http:\/\/korfanty.edu.pl\/index.php?rest_route=\/wp\/v2\/types\/page"}],"author":[{"embeddable":true,"href":"http:\/\/korfanty.edu.pl\/index.php?rest_route=\/wp\/v2\/users\/1"}],"replies":[{"embeddable":true,"href":"http:\/\/korfanty.edu.pl\/index.php?rest_route=%2Fwp%2Fv2%2Fcomments&post=1695"}],"version-history":[{"count":5,"href":"http:\/\/korfanty.edu.pl\/index.php?rest_route=\/wp\/v2\/pages\/1695\/revisions"}],"predecessor-version":[{"id":1759,"href":"http:\/\/korfanty.edu.pl\/index.php?rest_route=\/wp\/v2\/pages\/1695\/revisions\/1759"}],"wp:attachment":[{"href":"http:\/\/korfanty.edu.pl\/index.php?rest_route=%2Fwp%2Fv2%2Fmedia&parent=1695"}],"curies":[{"name":"wp","href":"https:\/\/api.w.org\/{rel}","templated":true}]}}