{"id":1631,"date":"2024-06-04T20:47:22","date_gmt":"2024-06-04T20:47:22","guid":{"rendered":"http:\/\/korfanty.edu.pl\/?page_id=1631"},"modified":"2024-07-03T09:10:56","modified_gmt":"2024-07-03T09:10:56","slug":"egzaminy-osmoklasisty","status":"publish","type":"page","link":"http:\/\/korfanty.edu.pl\/?page_id=1631","title":{"rendered":"Egzaminy \u00f3smoklasisty"},"content":{"rendered":"<p>&nbsp;<\/p>\n<table style=\"text-align: center;\" border=\"1\" width=\"707\" cellspacing=\"0\" cellpadding=\"0\">\n<tbody>\n<tr>\n<td colspan=\"4\" width=\"623\"><strong>J\u0119zyk polski<\/strong><\/td>\n<\/tr>\n<tr>\n<td width=\"156\">Rok<\/td>\n<td width=\"156\"><strong>\u015arednia klasy<\/strong><\/td>\n<td width=\"156\">\u015arednia krajowa<\/td>\n<td width=\"156\"><\/td>\n<\/tr>\n<tr>\n<td>2024<\/td>\n<td><strong>70%<\/strong><\/td>\n<td>61%<\/td>\n<td><\/td>\n<\/tr>\n<tr>\n<td width=\"156\">2023<br \/>\n(uczniowie polscy)<\/td>\n<td width=\"156\"><strong>80%<\/strong><\/td>\n<td width=\"156\">66%<\/td>\n<td width=\"156\"><\/td>\n<\/tr>\n<tr>\n<td width=\"156\">2023<br \/>\n(uczniowie ukrai\u0144scy)<\/td>\n<td width=\"156\"><strong>68%<\/strong><\/td>\n<td width=\"156\">45%<\/td>\n<td width=\"156\"><\/td>\n<\/tr>\n<tr>\n<td width=\"156\">2020<\/td>\n<td width=\"156\"><strong>73%<\/strong><\/td>\n<td width=\"156\">59%<\/td>\n<td width=\"156\"><strong>46<\/strong>\u00a0miejsce na 1214 szk\u00f3\u0142 na \u015al\u0105sku<\/td>\n<\/tr>\n<tr>\n<td width=\"156\">2019<\/td>\n<td width=\"156\"><strong>80%<\/strong><\/td>\n<td width=\"156\">63%<\/td>\n<td width=\"156\"><strong>28<\/strong> miejsce na 1198 szk\u00f3\u0142 na \u015al\u0105sku.<\/td>\n<\/tr>\n<\/tbody>\n<\/table>\n<p>&nbsp;<\/p>\n<table style=\"text-align: center;\" border=\"1\" width=\"707\" cellspacing=\"0\" cellpadding=\"0\">\n<tbody>\n<tr>\n<td colspan=\"4\" width=\"623\"><strong>Matematyka<\/strong><\/td>\n<\/tr>\n<tr>\n<td width=\"156\">Rok<\/td>\n<td width=\"156\"><strong>\u015arednia klasy<\/strong><\/td>\n<td width=\"156\">\u015arednia krajowa<\/td>\n<td width=\"156\"><\/td>\n<\/tr>\n<tr>\n<td>2024<\/td>\n<td><strong>81%<\/strong><\/td>\n<td>52%<\/td>\n<td><\/td>\n<\/tr>\n<tr>\n<td width=\"156\">2023<br \/>\n(uczniowie polscy)<\/td>\n<td width=\"156\"><strong>82%<\/strong><\/td>\n<td width=\"156\">53%<\/td>\n<td width=\"156\"><\/td>\n<\/tr>\n<tr>\n<td width=\"156\">2023<br \/>\n(uczniowie ukrai\u0144scy)<\/td>\n<td width=\"156\"><strong>61%<\/strong><\/td>\n<td width=\"156\">37%<\/td>\n<td width=\"156\"><\/td>\n<\/tr>\n<tr>\n<td width=\"156\">2020<\/td>\n<td width=\"156\"><strong>69%<\/strong><\/td>\n<td width=\"156\">46%<\/td>\n<td width=\"156\"><strong>37<\/strong> miejsce na 1214 szk\u00f3\u0142 na \u015al\u0105sku.<\/td>\n<\/tr>\n<tr>\n<td width=\"156\">2019<\/td>\n<td width=\"156\"><strong>43%<\/strong><\/td>\n<td width=\"156\">45%<\/td>\n<td width=\"156\"><\/td>\n<\/tr>\n<\/tbody>\n<\/table>\n<p>&nbsp;<\/p>\n<table style=\"text-align: center;\" border=\"1\" width=\"707\" cellspacing=\"0\" cellpadding=\"0\">\n<tbody>\n<tr>\n<td colspan=\"4\" width=\"623\"><strong>J\u0119zyk angielski<\/strong><\/td>\n<\/tr>\n<tr>\n<td width=\"156\">Rok<\/td>\n<td width=\"156\"><strong>\u015arednia klasy<\/strong><\/td>\n<td width=\"156\">\u015arednia krajowa<\/td>\n<td width=\"156\"><\/td>\n<\/tr>\n<tr>\n<td>2024<\/td>\n<td><strong>87%<\/strong><\/td>\n<td>66%<\/td>\n<td><\/td>\n<\/tr>\n<tr>\n<td width=\"156\">2023<br \/>\n(uczniowie polscy)<\/td>\n<td width=\"156\"><strong>91%<\/strong><\/td>\n<td width=\"156\">66%<\/td>\n<td width=\"156\"><\/td>\n<\/tr>\n<tr>\n<td width=\"156\">2023<br \/>\n(uczniowie ukrai\u0144scy)<\/td>\n<td width=\"156\"><strong>85%<\/strong><\/td>\n<td width=\"156\">46%<\/td>\n<td width=\"156\"><\/td>\n<\/tr>\n<tr>\n<td width=\"156\">2020<\/td>\n<td width=\"156\"><strong>66%<\/strong><\/td>\n<td width=\"156\">55%<\/td>\n<td width=\"156\"><\/td>\n<\/tr>\n<tr>\n<td width=\"156\">2019<\/td>\n<td width=\"156\"><strong>90%<\/strong><\/td>\n<td width=\"156\">59%<\/td>\n<td width=\"156\"><strong>19<\/strong> miejsce na 1198 szk\u00f3\u0142 na \u015al\u0105sku.<\/td>\n<\/tr>\n<\/tbody>\n<\/table>\n<p>&nbsp;<\/p>\n","protected":false},"excerpt":{"rendered":"<p>&nbsp; J\u0119zyk polski Rok \u015arednia klasy \u015arednia krajowa 2024 70% 61% 2023 (uczniowie polscy) 80% 66% 2023 (uczniowie ukrai\u0144scy) 68% 45% 2020 73% 59% 46\u00a0miejsce na 1214 szk\u00f3\u0142 na \u015al\u0105sku 2019 80% 63% 28 miejsce na 1198 szk\u00f3\u0142 na \u015al\u0105sku. &nbsp; Matematyka Rok \u015arednia klasy \u015arednia krajowa 2024 81% 52% 2023 (uczniowie polscy) 82% 53% [&hellip;]<\/p>\n","protected":false},"author":1,"featured_media":0,"parent":0,"menu_order":0,"comment_status":"closed","ping_status":"closed","template":"","meta":{"footnotes":""},"class_list":["post-1631","page","type-page","status-publish","hentry"],"blocksy_meta":[],"_links":{"self":[{"href":"http:\/\/korfanty.edu.pl\/index.php?rest_route=\/wp\/v2\/pages\/1631","targetHints":{"allow":["GET"]}}],"collection":[{"href":"http:\/\/korfanty.edu.pl\/index.php?rest_route=\/wp\/v2\/pages"}],"about":[{"href":"http:\/\/korfanty.edu.pl\/index.php?rest_route=\/wp\/v2\/types\/page"}],"author":[{"embeddable":true,"href":"http:\/\/korfanty.edu.pl\/index.php?rest_route=\/wp\/v2\/users\/1"}],"replies":[{"embeddable":true,"href":"http:\/\/korfanty.edu.pl\/index.php?rest_route=%2Fwp%2Fv2%2Fcomments&post=1631"}],"version-history":[{"count":5,"href":"http:\/\/korfanty.edu.pl\/index.php?rest_route=\/wp\/v2\/pages\/1631\/revisions"}],"predecessor-version":[{"id":1684,"href":"http:\/\/korfanty.edu.pl\/index.php?rest_route=\/wp\/v2\/pages\/1631\/revisions\/1684"}],"wp:attachment":[{"href":"http:\/\/korfanty.edu.pl\/index.php?rest_route=%2Fwp%2Fv2%2Fmedia&parent=1631"}],"curies":[{"name":"wp","href":"https:\/\/api.w.org\/{rel}","templated":true}]}}